{"id":167,"date":"2022-09-08T21:23:09","date_gmt":"2022-09-08T21:23:09","guid":{"rendered":"http:\/\/beta.markdangerfield.com\/privacidad"},"modified":"2022-10-20T15:02:39","modified_gmt":"2022-10-20T15:02:39","slug":"privacitat","status":"publish","type":"page","link":"https:\/\/markdangerfield.com\/ca\/privacitat\/","title":{"rendered":"Pol\u00edtica de privacitat"},"content":{"rendered":"<div class=\"entry-content\">\n<h2>Qui som<\/h2>\n<p>La direcci\u00f3 de la nuestra web es: https:\/\/markdargerfield.com<\/p>\n<h2>Comentaris<\/h2>\n<p>Quan els visitants deixen comentaris a la web, recopilem les dades que es mostren al formulari de comentaris, aix\u00ed com l&#8217;adre\u00e7a IP del visitant i la cadena d&#8217;agents d&#8217;usuari del navegador per ajudar a la detecci\u00f3 d&#8217;spam.<\/p>\n<p>Una cadena an\u00f2nima creada a partir de la teva adre\u00e7a de correu electr\u00f2nic (tamb\u00e9 anomenada hash) pot ser proporcionada al servei de Gravatar per veure si l&#8217;est\u00e0s usant. La pol\u00edtica de privadesa del servei Gravatar est\u00e0 disponible aqu\u00ed: https:\/\/automattic.com\/privacy\/. Despr\u00e9s de l&#8217;aprovaci\u00f3 del vostre comentari, la imatge del vostre perfil \u00e9s visible per al p\u00fablic en el context del vostre comentari.<\/p>\n<h2>Mitjans<\/h2>\n<p>Si puges imatges a la web, hauries d&#8217;evitar pujar imatges amb dades d&#8217;ubicaci\u00f3 (GPS EXIF) incloses. Els visitants de la web poden descarregar i extreure qualsevol dada dubicaci\u00f3 de les imatges de la web.<\/p>\n<h2>Cookies<\/h2>\n<p>Si deixes un comentari al nostre lloc pots triar desar el teu nom, adre\u00e7a de correu electr\u00f2nic i web a cookies. Aix\u00f2 \u00e9s per a la teva comoditat, perqu\u00e8 no hagis de tornar a emplenar les dades quan deixis un altre comentari. Aquestes galetes tindran una durada d&#8217;un any.<\/p>\n<p>Si tens un compte i et connectes a aquest lloc, instal\u00b7larem una galeta temporal per determinar si el teu navegador accepta galetes. Aquesta galeta no cont\u00e9 dades personals i s&#8217;elimina en tancar el navegador.<\/p>\n<p>Quan hi accedeixis, tamb\u00e9 instal\u00b7larem diverses galetes per desar la teva informaci\u00f3 d&#8217;acc\u00e9s i les teves opcions de visualitzaci\u00f3 de pantalla. Les galetes d&#8217;acc\u00e9s duren dos dies i les galetes d&#8217;opcions de pantalla duren un any. Si seleccioneu \u00abRecordar-me\u00bb, el vostre acc\u00e9s perdurar\u00e0 durant dues setmanes. Si surts del teu compte, les galetes d&#8217;acc\u00e9s s&#8217;eliminaran.<\/p>\n<p>Si edites o publiques un article es guardar\u00e0 una galeta addicional al teu navegador. Aquesta galeta no inclou dades personals i simplement indica l&#8217;ID de l&#8217;article que acabeu d&#8217;editar. Caduca despr\u00e9s d&#8217;un dia.<\/p>\n<h2>Contingut incrustat d&#8217;altres llocs web<\/h2>\n<p>Els articles d&#8217;aquest lloc web poden incloure contingut incrustat (per exemple, v\u00eddeos, imatges, articles, etc.). El contingut incrustat d&#8217;altres webs es comporta exactament de la mateixa manera que si el visitant hagu\u00e9s visitat l&#8217;altra web.<\/p>\n<p>Aquestes webs poden recopilar dades sobre tu, utilitzar cookies, incrustar un seguiment addicional de tercers, i supervisar la teva interacci\u00f3 amb aquest contingut incrustat, incl\u00f2s el seguiment de la teva interacci\u00f3 amb el contingut incrustat si tens un compte i est\u00e0s connectat a aquest web.<\/p>\n<h2>Amb qui compartim les teves dades<\/h2>\n<p>Si sol\u00b7liciteu un restabliment de contrasenya, la vostra adre\u00e7a IP s&#8217;inclour\u00e0 al correu electr\u00f2nic de restabliment.<\/p>\n<h2>Quant de temps conservem les teves dades<\/h2>\n<p>Si deixeu un comentari, el comentari i les seves metadades es conserven indefinidament. Aix\u00f2 \u00e9s perqu\u00e8 puguem recon\u00e8ixer i aprovar comentaris successius autom\u00e0ticament, en lloc de mantenir-los en una cua de moderaci\u00f3.<\/p>\n<p>Dels usuaris que es registren a la nostra web (si n&#8217;hi ha), tamb\u00e9 emmagatzemem la informaci\u00f3 personal que proporcionen al vostre perfil d&#8217;usuari. Tots els usuaris poden veure, editar o eliminar la vostra informaci\u00f3 personal en qualsevol moment (excepte que no poden canviar el vostre nom d&#8217;usuari). Els administradors de la web tamb\u00e9 poden veure i editar aquesta informaci\u00f3.<\/p>\n<h2>Quins drets tens sobre les teves dades<\/h2>\n<p>Si tens un compte o has deixat comentaris en aquesta web, pots sol\u00b7licitar rebre un fitxer d&#8217;exportaci\u00f3 de les dades personals que tenim sobre tu, incloent-hi qualsevol dada que ens hagis proporcionat. Tamb\u00e9 pots sol\u00b7licitar que eliminem qualsevol dada personal que tinguem sobre tu. Aix\u00f2 no inclou cap dada que estiguem obligats a conservar amb fins administratius, legals o de seguretat.<\/p>\n<h2>On s&#8217;envien les teves dades<\/h2>\n<p>Els comentaris dels visitants poden ser revisats per un servei de detecci\u00f3 autom\u00e0tica d&#8217;spam.<\/p>\n<\/div>\n","protected":false},"excerpt":{"rendered":"<p>Qui som La direcci\u00f3 de la nuestra web es: https:\/\/markdargerfield.com Comentaris Quan els visitants deixen comentaris a la web, recopilem les dades que es mostren al formulari de comentaris, aix\u00ed com l&#8217;adre\u00e7a IP del visitant i la cadena d&#8217;agents d&#8217;usuari del navegador per ajudar a la detecci\u00f3 d&#8217;spam. Una cadena an\u00f2nima creada a partir de [&hellip;]<\/p>\n","protected":false},"author":1,"featured_media":0,"parent":0,"menu_order":0,"comment_status":"closed","ping_status":"closed","template":"","meta":{"footnotes":""},"class_list":["post-167","page","type-page","status-publish","hentry"],"yoast_head":"<!-- This site is optimized with the Yoast SEO plugin v27.2 - https:\/\/yoast.com\/product\/yoast-seo-wordpress\/ -->\n<title>Pol\u00edtica de privacitat - Mark Dangerfield<\/title>\n<meta name=\"description\" content=\"Psic\u00f3logo Cl\u00ednico y Psicoterapeuta con m\u00e1s de 25 a\u00f1os de experiencia profesional tanto en el \u00e1mbito de la red p\u00fablica de salud mental como en consulta privada.\" \/>\n<meta name=\"robots\" content=\"index, follow, max-snippet:-1, max-image-preview:large, max-video-preview:-1\" \/>\n<link rel=\"canonical\" href=\"https:\/\/markdangerfield.com\/ca\/privacitat\/\" \/>\n<meta property=\"og:locale\" content=\"ca_ES\" \/>\n<meta property=\"og:type\" content=\"article\" \/>\n<meta property=\"og:title\" content=\"Pol\u00edtica de privacitat - Mark Dangerfield\" \/>\n<meta property=\"og:description\" content=\"Psic\u00f3logo Cl\u00ednico y Psicoterapeuta con m\u00e1s de 25 a\u00f1os de experiencia profesional tanto en el \u00e1mbito de la red p\u00fablica de salud mental como en consulta privada.\" \/>\n<meta property=\"og:url\" content=\"https:\/\/markdangerfield.com\/ca\/privacitat\/\" \/>\n<meta property=\"og:site_name\" content=\"Mark Dangerfield\" \/>\n<meta property=\"article:modified_time\" content=\"2022-10-20T15:02:39+00:00\" \/>\n<meta name=\"twitter:card\" content=\"summary_large_image\" \/>\n<meta name=\"twitter:site\" content=\"@dangerfieldgm\" \/>\n<meta name=\"twitter:label1\" content=\"Temps estimat de lectura\" \/>\n\t<meta name=\"twitter:data1\" content=\"3 minuts\" \/>\n<script type=\"application\/ld+json\" class=\"yoast-schema-graph\">{\"@context\":\"https:\/\/schema.org\",\"@graph\":[{\"@type\":\"WebPage\",\"@id\":\"https:\/\/markdangerfield.com\/ca\/privacitat\/\",\"url\":\"https:\/\/markdangerfield.com\/ca\/privacitat\/\",\"name\":\"Pol\u00edtica de privacitat - Mark Dangerfield\",\"isPartOf\":{\"@id\":\"https:\/\/markdangerfield.com\/ca\/#website\"},\"datePublished\":\"2022-09-08T21:23:09+00:00\",\"dateModified\":\"2022-10-20T15:02:39+00:00\",\"description\":\"Psic\u00f3logo Cl\u00ednico y Psicoterapeuta con m\u00e1s de 25 a\u00f1os de experiencia profesional tanto en el \u00e1mbito de la red p\u00fablica de salud mental como en consulta privada.\",\"breadcrumb\":{\"@id\":\"https:\/\/markdangerfield.com\/ca\/privacitat\/#breadcrumb\"},\"inLanguage\":\"ca\",\"potentialAction\":[{\"@type\":\"ReadAction\",\"target\":[\"https:\/\/markdangerfield.com\/ca\/privacitat\/\"]}]},{\"@type\":\"BreadcrumbList\",\"@id\":\"https:\/\/markdangerfield.com\/ca\/privacitat\/#breadcrumb\",\"itemListElement\":[{\"@type\":\"ListItem\",\"position\":1,\"name\":\"Portada\",\"item\":\"https:\/\/markdangerfield.com\/ca\/mark-dangerfield-psicoleg-clinic-i-psicoterapeuta\/\"},{\"@type\":\"ListItem\",\"position\":2,\"name\":\"Pol\u00edtica de privacitat\"}]},{\"@type\":\"WebSite\",\"@id\":\"https:\/\/markdangerfield.com\/ca\/#website\",\"url\":\"https:\/\/markdangerfield.com\/ca\/\",\"name\":\"Mark Dangerfield\",\"description\":\"Psic\u00f2leg cl\u00ednic - Psicoterapeuta\",\"publisher\":{\"@id\":\"https:\/\/markdangerfield.com\/ca\/#organization\"},\"potentialAction\":[{\"@type\":\"SearchAction\",\"target\":{\"@type\":\"EntryPoint\",\"urlTemplate\":\"https:\/\/markdangerfield.com\/ca\/?s={search_term_string}\"},\"query-input\":{\"@type\":\"PropertyValueSpecification\",\"valueRequired\":true,\"valueName\":\"search_term_string\"}}],\"inLanguage\":\"ca\"},{\"@type\":\"Organization\",\"@id\":\"https:\/\/markdangerfield.com\/ca\/#organization\",\"name\":\"Mark Dangerfield\",\"url\":\"https:\/\/markdangerfield.com\/ca\/\",\"logo\":{\"@type\":\"ImageObject\",\"inLanguage\":\"ca\",\"@id\":\"https:\/\/markdangerfield.com\/ca\/#\/schema\/logo\/image\/\",\"url\":\"https:\/\/markdangerfield.com\/wp-content\/uploads\/2022\/09\/logo.png\",\"contentUrl\":\"https:\/\/markdangerfield.com\/wp-content\/uploads\/2022\/09\/logo.png\",\"width\":574,\"height\":180,\"caption\":\"Mark Dangerfield\"},\"image\":{\"@id\":\"https:\/\/markdangerfield.com\/ca\/#\/schema\/logo\/image\/\"},\"sameAs\":[\"https:\/\/x.com\/dangerfieldgm\",\"https:\/\/es.linkedin.com\/in\/mark-dangerfield-44a33792\"]}]}<\/script>\n<!-- \/ Yoast SEO plugin. -->","yoast_head_json":{"title":"Pol\u00edtica de privacitat - Mark Dangerfield","description":"Psic\u00f3logo Cl\u00ednico y Psicoterapeuta con m\u00e1s de 25 a\u00f1os de experiencia profesional tanto en el \u00e1mbito de la red p\u00fablica de salud mental como en consulta privada.","robots":{"index":"index","follow":"follow","max-snippet":"max-snippet:-1","max-image-preview":"max-image-preview:large","max-video-preview":"max-video-preview:-1"},"canonical":"https:\/\/markdangerfield.com\/ca\/privacitat\/","og_locale":"ca_ES","og_type":"article","og_title":"Pol\u00edtica de privacitat - Mark Dangerfield","og_description":"Psic\u00f3logo Cl\u00ednico y Psicoterapeuta con m\u00e1s de 25 a\u00f1os de experiencia profesional tanto en el \u00e1mbito de la red p\u00fablica de salud mental como en consulta privada.","og_url":"https:\/\/markdangerfield.com\/ca\/privacitat\/","og_site_name":"Mark Dangerfield","article_modified_time":"2022-10-20T15:02:39+00:00","twitter_card":"summary_large_image","twitter_site":"@dangerfieldgm","twitter_misc":{"Temps estimat de lectura":"3 minuts"},"schema":{"@context":"https:\/\/schema.org","@graph":[{"@type":"WebPage","@id":"https:\/\/markdangerfield.com\/ca\/privacitat\/","url":"https:\/\/markdangerfield.com\/ca\/privacitat\/","name":"Pol\u00edtica de privacitat - Mark Dangerfield","isPartOf":{"@id":"https:\/\/markdangerfield.com\/ca\/#website"},"datePublished":"2022-09-08T21:23:09+00:00","dateModified":"2022-10-20T15:02:39+00:00","description":"Psic\u00f3logo Cl\u00ednico y Psicoterapeuta con m\u00e1s de 25 a\u00f1os de experiencia profesional tanto en el \u00e1mbito de la red p\u00fablica de salud mental como en consulta privada.","breadcrumb":{"@id":"https:\/\/markdangerfield.com\/ca\/privacitat\/#breadcrumb"},"inLanguage":"ca","potentialAction":[{"@type":"ReadAction","target":["https:\/\/markdangerfield.com\/ca\/privacitat\/"]}]},{"@type":"BreadcrumbList","@id":"https:\/\/markdangerfield.com\/ca\/privacitat\/#breadcrumb","itemListElement":[{"@type":"ListItem","position":1,"name":"Portada","item":"https:\/\/markdangerfield.com\/ca\/mark-dangerfield-psicoleg-clinic-i-psicoterapeuta\/"},{"@type":"ListItem","position":2,"name":"Pol\u00edtica de privacitat"}]},{"@type":"WebSite","@id":"https:\/\/markdangerfield.com\/ca\/#website","url":"https:\/\/markdangerfield.com\/ca\/","name":"Mark Dangerfield","description":"Psic\u00f2leg cl\u00ednic - Psicoterapeuta","publisher":{"@id":"https:\/\/markdangerfield.com\/ca\/#organization"},"potentialAction":[{"@type":"SearchAction","target":{"@type":"EntryPoint","urlTemplate":"https:\/\/markdangerfield.com\/ca\/?s={search_term_string}"},"query-input":{"@type":"PropertyValueSpecification","valueRequired":true,"valueName":"search_term_string"}}],"inLanguage":"ca"},{"@type":"Organization","@id":"https:\/\/markdangerfield.com\/ca\/#organization","name":"Mark Dangerfield","url":"https:\/\/markdangerfield.com\/ca\/","logo":{"@type":"ImageObject","inLanguage":"ca","@id":"https:\/\/markdangerfield.com\/ca\/#\/schema\/logo\/image\/","url":"https:\/\/markdangerfield.com\/wp-content\/uploads\/2022\/09\/logo.png","contentUrl":"https:\/\/markdangerfield.com\/wp-content\/uploads\/2022\/09\/logo.png","width":574,"height":180,"caption":"Mark Dangerfield"},"image":{"@id":"https:\/\/markdangerfield.com\/ca\/#\/schema\/logo\/image\/"},"sameAs":["https:\/\/x.com\/dangerfieldgm","https:\/\/es.linkedin.com\/in\/mark-dangerfield-44a33792"]}]}},"_links":{"self":[{"href":"https:\/\/markdangerfield.com\/ca\/wp-json\/wp\/v2\/pages\/167","targetHints":{"allow":["GET"]}}],"collection":[{"href":"https:\/\/markdangerfield.com\/ca\/wp-json\/wp\/v2\/pages"}],"about":[{"href":"https:\/\/markdangerfield.com\/ca\/wp-json\/wp\/v2\/types\/page"}],"author":[{"embeddable":true,"href":"https:\/\/markdangerfield.com\/ca\/wp-json\/wp\/v2\/users\/1"}],"replies":[{"embeddable":true,"href":"https:\/\/markdangerfield.com\/ca\/wp-json\/wp\/v2\/comments?post=167"}],"version-history":[{"count":2,"href":"https:\/\/markdangerfield.com\/ca\/wp-json\/wp\/v2\/pages\/167\/revisions"}],"predecessor-version":[{"id":173,"href":"https:\/\/markdangerfield.com\/ca\/wp-json\/wp\/v2\/pages\/167\/revisions\/173"}],"wp:attachment":[{"href":"https:\/\/markdangerfield.com\/ca\/wp-json\/wp\/v2\/media?parent=167"}],"curies":[{"name":"wp","href":"https:\/\/api.w.org\/{rel}","templated":true}]}}