{"id":223,"date":"2022-10-20T16:27:22","date_gmt":"2022-10-20T16:27:22","guid":{"rendered":"http:\/\/beta.markdangerfield.com\/politica-de-cookies"},"modified":"2022-10-20T16:28:40","modified_gmt":"2022-10-20T16:28:40","slug":"politica-de-cookies","status":"publish","type":"page","link":"https:\/\/markdangerfield.com\/ca\/politica-de-cookies\/","title":{"rendered":"Pol\u00edtica de Cookies"},"content":{"rendered":"<p>Aquesta pol\u00edtica de cookies t\u00e9 per finalitat informar-vos de manera clara i precisa sobre les cookies que s&#8217;utilitzen a la p\u00e0gina web d&#8217;Improof.<\/p>\n<h3><strong>Qu\u00e8 s\u00f3n les galetes?<\/strong><\/h3>\n<p>Una cookie \u00e9s un petit fragment de text que els llocs web que visita envien al navegador i que permet que el lloc web recordi informaci\u00f3 sobre la seva visita, com el seu idioma preferit i altres opcions, per tal de facilitar la propera visita i fer que el lloc us resulti m\u00e9s \u00fatil. Les galetes exerceixen un paper molt important i contribueixen a tenir una millor experi\u00e8ncia de navegaci\u00f3 per a l&#8217;usuari.<\/p>\n<h3><strong>Tipus de cookies<\/strong><\/h3>\n<p>Segons qui sigui l&#8217;entitat que gestioni el domini des d&#8217;on s&#8217;envien les galetes i es tractin les dades que s&#8217;obtinguin, es poden distingir dos tipus: galetes pr\u00f2pies i galetes de tercers.<\/p>\n<p>Hi ha tamb\u00e9 una segona classificaci\u00f3 segons el termini de temps que romanen emmagatzemades al navegador del client, podent tractar-se de cookies de sessi\u00f3 o cookies persistents.<\/p>\n<p>Finalment, hi ha una altra classificaci\u00f3 amb cinc tipus de galetes segons la finalitat per a la qual es tractin les dades obtingudes: galetes t\u00e8cniques, galetes de personalitzaci\u00f3, galetes d&#8217;an\u00e0lisi, galetes publicit\u00e0ries i galetes de publicitat comportamental.<\/p>\n<p>Per a m\u00e9s informaci\u00f3, podeu consultar la Guia sobre l&#8217;\u00fas de les cookies de l&#8217;Ag\u00e8ncia Espanyola de Protecci\u00f3 de Dades.<\/p>\n<h3><strong>Cookies utilitzades a la web<\/strong><\/h3>\n<p>A continuaci\u00f3, s&#8217;identifiquen les galetes que estan sent utilitzades en aquest portal, aix\u00ed com la seva tipologia i funci\u00f3:<\/p>\n<p>La p\u00e0gina web d&#8217;Improof utilitza Google Analytics, un servei d&#8217;anal\u00edtica web desenvolupada per Google, que permet el mesurament i l&#8217;an\u00e0lisi de la navegaci\u00f3 a les p\u00e0gines web. Al vostre navegador podreu observar cookies d&#8217;aquest servei. Segons la tipologia anterior, es tracta de cookies pr\u00f2pies, de sessi\u00f3 i d&#8217;an\u00e0lisi.<\/p>\n<p>A trav\u00e9s de l&#8217;anal\u00edtica web s&#8217;obt\u00e9 informaci\u00f3 relativa al nombre d&#8217;usuaris que accedeixen a la web, el nombre de p\u00e0gines vistes, la freq\u00fc\u00e8ncia i la repetici\u00f3 de les visites, la durada, el navegador utilitzat, l&#8217;operador que presta el servei, l&#8217;idioma , el terminal que utilitza i la ciutat a la qual est\u00e0 assignada la vostra adre\u00e7a IP. Informaci\u00f3 que possibilita un servei millor i m\u00e9s apropiat per part d&#8217;aquest portal.<\/p>\n<p>Per garantir l&#8217;anonimat, Google convertir\u00e0 la vostra informaci\u00f3 en an\u00f2nima truncant l&#8217;adre\u00e7a IP abans d&#8217;emmagatzemar-la, de manera que Google Analytics no es fa servir per localitzar o demanar informaci\u00f3 personal identificable dels visitants del lloc. Google nom\u00e9s podr\u00e0 enviar la informaci\u00f3 recollida per Google Analytics a tercers quan hi estigui legalment obligat. D&#8217;acord amb les condicions de prestaci\u00f3 del servei de Google Analytics, Google no associar\u00e0 la vostra adre\u00e7a IP a cap altra dada conservada per Google.<\/p>\n<p>Una altra de les cookies que es descarreguen \u00e9s una galeta de tipus t\u00e8cnic anomenada PHPSESSID. Aquesta galeta permet emmagatzemar un identificador \u00fanic per sessi\u00f3 a trav\u00e9s del qual \u00e9s possible vincular dades necess\u00e0ries per possibilitar la navegaci\u00f3 en curs, l&#8217;acc\u00e9s d&#8217;usuari, i gestiona el consentiment de l&#8217;usuari per a l&#8217;\u00fas de les cookies a la p\u00e0gina web, amb l&#8217;objecte de recordar aquells usuaris que les han acceptat i aquells que no, de manera que als primers no se&#8217;ls mostri informaci\u00f3 a la part superior de la p\u00e0gina.<\/p>\n<h3><strong>Acceptaci\u00f3 de la pol\u00edtica de cookies<\/strong><\/h3>\n<p>Prement el bot\u00f3 llegit i accepto s&#8217;assumeix que vost\u00e8 accepta l&#8217;\u00fas de cookies.<\/p>\n<h3><strong>Com modificar la configuraci\u00f3 de les cookies<\/strong><\/h3>\n<p>Vost\u00e8 pot restringir, bloquejar o esborrar les cookies de Improof o qualsevol altra p\u00e0gina web utilitzant el navegador. A cada navegador l&#8217;operativa \u00e9s diferent, la funci\u00f3 d&#8217;ajuda us mostrar\u00e0 com fer-ho.<\/p>\n","protected":false},"excerpt":{"rendered":"<p>Aquesta pol\u00edtica de cookies t\u00e9 per finalitat informar-vos de manera clara i precisa sobre les cookies que s&#8217;utilitzen a la p\u00e0gina web d&#8217;Improof. Qu\u00e8 s\u00f3n les galetes? Una cookie \u00e9s un petit fragment de text que els llocs web que visita envien al navegador i que permet que el lloc web recordi informaci\u00f3 sobre la [&hellip;]<\/p>\n","protected":false},"author":1,"featured_media":0,"parent":0,"menu_order":0,"comment_status":"closed","ping_status":"closed","template":"","meta":{"footnotes":""},"class_list":["post-223","page","type-page","status-publish","hentry"],"yoast_head":"<!-- This site is optimized with the Yoast SEO plugin v27.2 - https:\/\/yoast.com\/product\/yoast-seo-wordpress\/ -->\n<title>Pol\u00edtica de Cookies - Mark Dangerfield<\/title>\n<meta name=\"description\" content=\"Psic\u00f3logo Cl\u00ednico y Psicoterapeuta con m\u00e1s de 25 a\u00f1os de experiencia profesional tanto en el \u00e1mbito de la red p\u00fablica de salud mental como en consulta privada.\" \/>\n<meta name=\"robots\" content=\"index, follow, max-snippet:-1, max-image-preview:large, max-video-preview:-1\" \/>\n<link rel=\"canonical\" href=\"https:\/\/markdangerfield.com\/ca\/politica-de-cookies\/\" \/>\n<meta property=\"og:locale\" content=\"ca_ES\" \/>\n<meta property=\"og:type\" content=\"article\" \/>\n<meta property=\"og:title\" content=\"Pol\u00edtica de Cookies - Mark Dangerfield\" \/>\n<meta property=\"og:description\" content=\"Psic\u00f3logo Cl\u00ednico y Psicoterapeuta con m\u00e1s de 25 a\u00f1os de experiencia profesional tanto en el \u00e1mbito de la red p\u00fablica de salud mental como en consulta privada.\" \/>\n<meta property=\"og:url\" content=\"https:\/\/markdangerfield.com\/ca\/politica-de-cookies\/\" \/>\n<meta property=\"og:site_name\" content=\"Mark Dangerfield\" \/>\n<meta property=\"article:modified_time\" content=\"2022-10-20T16:28:40+00:00\" \/>\n<meta name=\"twitter:card\" content=\"summary_large_image\" \/>\n<meta name=\"twitter:site\" content=\"@dangerfieldgm\" \/>\n<meta name=\"twitter:label1\" content=\"Temps estimat de lectura\" \/>\n\t<meta name=\"twitter:data1\" content=\"3 minuts\" \/>\n<script type=\"application\/ld+json\" class=\"yoast-schema-graph\">{\"@context\":\"https:\/\/schema.org\",\"@graph\":[{\"@type\":\"WebPage\",\"@id\":\"https:\/\/markdangerfield.com\/ca\/politica-de-cookies\/\",\"url\":\"https:\/\/markdangerfield.com\/ca\/politica-de-cookies\/\",\"name\":\"Pol\u00edtica de Cookies - Mark Dangerfield\",\"isPartOf\":{\"@id\":\"https:\/\/markdangerfield.com\/ca\/#website\"},\"datePublished\":\"2022-10-20T16:27:22+00:00\",\"dateModified\":\"2022-10-20T16:28:40+00:00\",\"description\":\"Psic\u00f3logo Cl\u00ednico y Psicoterapeuta con m\u00e1s de 25 a\u00f1os de experiencia profesional tanto en el \u00e1mbito de la red p\u00fablica de salud mental como en consulta privada.\",\"breadcrumb\":{\"@id\":\"https:\/\/markdangerfield.com\/ca\/politica-de-cookies\/#breadcrumb\"},\"inLanguage\":\"ca\",\"potentialAction\":[{\"@type\":\"ReadAction\",\"target\":[\"https:\/\/markdangerfield.com\/ca\/politica-de-cookies\/\"]}]},{\"@type\":\"BreadcrumbList\",\"@id\":\"https:\/\/markdangerfield.com\/ca\/politica-de-cookies\/#breadcrumb\",\"itemListElement\":[{\"@type\":\"ListItem\",\"position\":1,\"name\":\"Portada\",\"item\":\"https:\/\/markdangerfield.com\/ca\/mark-dangerfield-psicoleg-clinic-i-psicoterapeuta\/\"},{\"@type\":\"ListItem\",\"position\":2,\"name\":\"Pol\u00edtica de Cookies\"}]},{\"@type\":\"WebSite\",\"@id\":\"https:\/\/markdangerfield.com\/ca\/#website\",\"url\":\"https:\/\/markdangerfield.com\/ca\/\",\"name\":\"Mark Dangerfield\",\"description\":\"Psic\u00f2leg cl\u00ednic - Psicoterapeuta\",\"publisher\":{\"@id\":\"https:\/\/markdangerfield.com\/ca\/#organization\"},\"potentialAction\":[{\"@type\":\"SearchAction\",\"target\":{\"@type\":\"EntryPoint\",\"urlTemplate\":\"https:\/\/markdangerfield.com\/ca\/?s={search_term_string}\"},\"query-input\":{\"@type\":\"PropertyValueSpecification\",\"valueRequired\":true,\"valueName\":\"search_term_string\"}}],\"inLanguage\":\"ca\"},{\"@type\":\"Organization\",\"@id\":\"https:\/\/markdangerfield.com\/ca\/#organization\",\"name\":\"Mark Dangerfield\",\"url\":\"https:\/\/markdangerfield.com\/ca\/\",\"logo\":{\"@type\":\"ImageObject\",\"inLanguage\":\"ca\",\"@id\":\"https:\/\/markdangerfield.com\/ca\/#\/schema\/logo\/image\/\",\"url\":\"https:\/\/markdangerfield.com\/wp-content\/uploads\/2022\/09\/logo.png\",\"contentUrl\":\"https:\/\/markdangerfield.com\/wp-content\/uploads\/2022\/09\/logo.png\",\"width\":574,\"height\":180,\"caption\":\"Mark Dangerfield\"},\"image\":{\"@id\":\"https:\/\/markdangerfield.com\/ca\/#\/schema\/logo\/image\/\"},\"sameAs\":[\"https:\/\/x.com\/dangerfieldgm\",\"https:\/\/es.linkedin.com\/in\/mark-dangerfield-44a33792\"]}]}<\/script>\n<!-- \/ Yoast SEO plugin. -->","yoast_head_json":{"title":"Pol\u00edtica de Cookies - Mark Dangerfield","description":"Psic\u00f3logo Cl\u00ednico y Psicoterapeuta con m\u00e1s de 25 a\u00f1os de experiencia profesional tanto en el \u00e1mbito de la red p\u00fablica de salud mental como en consulta privada.","robots":{"index":"index","follow":"follow","max-snippet":"max-snippet:-1","max-image-preview":"max-image-preview:large","max-video-preview":"max-video-preview:-1"},"canonical":"https:\/\/markdangerfield.com\/ca\/politica-de-cookies\/","og_locale":"ca_ES","og_type":"article","og_title":"Pol\u00edtica de Cookies - Mark Dangerfield","og_description":"Psic\u00f3logo Cl\u00ednico y Psicoterapeuta con m\u00e1s de 25 a\u00f1os de experiencia profesional tanto en el \u00e1mbito de la red p\u00fablica de salud mental como en consulta privada.","og_url":"https:\/\/markdangerfield.com\/ca\/politica-de-cookies\/","og_site_name":"Mark Dangerfield","article_modified_time":"2022-10-20T16:28:40+00:00","twitter_card":"summary_large_image","twitter_site":"@dangerfieldgm","twitter_misc":{"Temps estimat de lectura":"3 minuts"},"schema":{"@context":"https:\/\/schema.org","@graph":[{"@type":"WebPage","@id":"https:\/\/markdangerfield.com\/ca\/politica-de-cookies\/","url":"https:\/\/markdangerfield.com\/ca\/politica-de-cookies\/","name":"Pol\u00edtica de Cookies - Mark Dangerfield","isPartOf":{"@id":"https:\/\/markdangerfield.com\/ca\/#website"},"datePublished":"2022-10-20T16:27:22+00:00","dateModified":"2022-10-20T16:28:40+00:00","description":"Psic\u00f3logo Cl\u00ednico y Psicoterapeuta con m\u00e1s de 25 a\u00f1os de experiencia profesional tanto en el \u00e1mbito de la red p\u00fablica de salud mental como en consulta privada.","breadcrumb":{"@id":"https:\/\/markdangerfield.com\/ca\/politica-de-cookies\/#breadcrumb"},"inLanguage":"ca","potentialAction":[{"@type":"ReadAction","target":["https:\/\/markdangerfield.com\/ca\/politica-de-cookies\/"]}]},{"@type":"BreadcrumbList","@id":"https:\/\/markdangerfield.com\/ca\/politica-de-cookies\/#breadcrumb","itemListElement":[{"@type":"ListItem","position":1,"name":"Portada","item":"https:\/\/markdangerfield.com\/ca\/mark-dangerfield-psicoleg-clinic-i-psicoterapeuta\/"},{"@type":"ListItem","position":2,"name":"Pol\u00edtica de Cookies"}]},{"@type":"WebSite","@id":"https:\/\/markdangerfield.com\/ca\/#website","url":"https:\/\/markdangerfield.com\/ca\/","name":"Mark Dangerfield","description":"Psic\u00f2leg cl\u00ednic - Psicoterapeuta","publisher":{"@id":"https:\/\/markdangerfield.com\/ca\/#organization"},"potentialAction":[{"@type":"SearchAction","target":{"@type":"EntryPoint","urlTemplate":"https:\/\/markdangerfield.com\/ca\/?s={search_term_string}"},"query-input":{"@type":"PropertyValueSpecification","valueRequired":true,"valueName":"search_term_string"}}],"inLanguage":"ca"},{"@type":"Organization","@id":"https:\/\/markdangerfield.com\/ca\/#organization","name":"Mark Dangerfield","url":"https:\/\/markdangerfield.com\/ca\/","logo":{"@type":"ImageObject","inLanguage":"ca","@id":"https:\/\/markdangerfield.com\/ca\/#\/schema\/logo\/image\/","url":"https:\/\/markdangerfield.com\/wp-content\/uploads\/2022\/09\/logo.png","contentUrl":"https:\/\/markdangerfield.com\/wp-content\/uploads\/2022\/09\/logo.png","width":574,"height":180,"caption":"Mark Dangerfield"},"image":{"@id":"https:\/\/markdangerfield.com\/ca\/#\/schema\/logo\/image\/"},"sameAs":["https:\/\/x.com\/dangerfieldgm","https:\/\/es.linkedin.com\/in\/mark-dangerfield-44a33792"]}]}},"_links":{"self":[{"href":"https:\/\/markdangerfield.com\/ca\/wp-json\/wp\/v2\/pages\/223","targetHints":{"allow":["GET"]}}],"collection":[{"href":"https:\/\/markdangerfield.com\/ca\/wp-json\/wp\/v2\/pages"}],"about":[{"href":"https:\/\/markdangerfield.com\/ca\/wp-json\/wp\/v2\/types\/page"}],"author":[{"embeddable":true,"href":"https:\/\/markdangerfield.com\/ca\/wp-json\/wp\/v2\/users\/1"}],"replies":[{"embeddable":true,"href":"https:\/\/markdangerfield.com\/ca\/wp-json\/wp\/v2\/comments?post=223"}],"version-history":[{"count":2,"href":"https:\/\/markdangerfield.com\/ca\/wp-json\/wp\/v2\/pages\/223\/revisions"}],"predecessor-version":[{"id":226,"href":"https:\/\/markdangerfield.com\/ca\/wp-json\/wp\/v2\/pages\/223\/revisions\/226"}],"wp:attachment":[{"href":"https:\/\/markdangerfield.com\/ca\/wp-json\/wp\/v2\/media?parent=223"}],"curies":[{"name":"wp","href":"https:\/\/api.w.org\/{rel}","templated":true}]}}